{"id":7,"date":"2021-07-16T10:52:09","date_gmt":"2021-07-16T10:52:09","guid":{"rendered":"https:\/\/keedviragok.hu\/?page_id=7"},"modified":"2023-08-22T07:32:11","modified_gmt":"2023-08-22T07:32:11","slug":"elerhetoseg-virag-rendeles","status":"publish","type":"page","link":"https:\/\/keedviragok.hu\/index.php\/kezdolap-rozsa-virag-viragok-viragcsokor\/elerhetoseg-virag-rendeles\/","title":{"rendered":"El\u00e9rhet\u0151s\u00e9g &#8211; Var\u00e1zslatosVir\u00e1g Rendel\u00e9s Pillanatok Alatt"},"content":{"rendered":"\n<p class=\"has-white-color has-text-color\" style=\"font-size:1px\">Az el\u00e9rhet\u0151s\u00e9g nem akad\u00e1ly! vir\u00e1g rendel\u00e9s<\/p>\n\n\n\n<p class=\"has-extra-small-font-size\" style=\"line-height:4\"><a href=\"https:\/\/www.facebook.com\/profile.php?id=100070634503313\" target=\"_blank\" rel=\"noreferrer noopener\"><img loading=\"lazy\" decoding=\"async\" width=\"948\" height=\"882\" class=\"wp-image-258\" style=\"width: 50px;\" src=\"https:\/\/keedviragok.hu\/wp-content\/uploads\/2023\/08\/facebook.png\" alt=\"r\u00f3zsa vir\u00e1g vir\u00e1gok vir\u00e1gcsokor \u00fajpalota vir\u00e1gfut\u00e1r legjobb legszebb\" srcset=\"https:\/\/keedviragok.hu\/wp-content\/uploads\/2023\/08\/facebook.png 948w, https:\/\/keedviragok.hu\/wp-content\/uploads\/2023\/08\/facebook-300x279.png 300w, https:\/\/keedviragok.hu\/wp-content\/uploads\/2023\/08\/facebook-768x715.png 768w\" sizes=\"(max-width: 948px) 100vw, 948px\" \/><\/a>  <a href=\"https:\/\/www.facebook.com\/profile.php?id=100070634503313\" target=\"_blank\" rel=\"noreferrer noopener\">Facebook oldalunk itt \u00e9rhet\u0151 el.<\/a><\/p>\n\n\n\n<p class=\"has-extra-small-font-size\" style=\"line-height:4\"><a rel=\"noreferrer noopener\" href=\"tel:+36703671075\" data-type=\"tel\" data-id=\"tel:+36703671075\" target=\"_blank\"><img loading=\"lazy\" decoding=\"async\" width=\"948\" height=\"882\" class=\"wp-image-259\" style=\"width: 50px;\" src=\"https:\/\/keedviragok.hu\/wp-content\/uploads\/2023\/08\/phone.png\" alt=\"r\u00f3zsa vir\u00e1g vir\u00e1gok vir\u00e1gcsokor \u00fajpalota vir\u00e1gfut\u00e1r legjobb legszebb\" srcset=\"https:\/\/keedviragok.hu\/wp-content\/uploads\/2023\/08\/phone.png 948w, https:\/\/keedviragok.hu\/wp-content\/uploads\/2023\/08\/phone-300x279.png 300w, https:\/\/keedviragok.hu\/wp-content\/uploads\/2023\/08\/phone-768x715.png 768w\" sizes=\"(max-width: 948px) 100vw, 948px\" \/><\/a>   <a rel=\"noreferrer noopener\" href=\"tel:+36703671075\" target=\"_blank\">+36 70 367 1075<\/a> <\/p>\n\n\n\n<p><a rel=\"noreferrer noopener\" href=\"mailto:keedviragok@gmail.com\" data-type=\"mailto\" data-id=\"mailto:keedviragok@gmail.com\" target=\"_blank\"><img loading=\"lazy\" decoding=\"async\" width=\"800\" height=\"539\" class=\"wp-image-712\" style=\"width: 50px;\" src=\"https:\/\/keedviragok.hu\/wp-content\/uploads\/2023\/08\/mail.png\" alt=\"r\u00f3zsa vir\u00e1g vir\u00e1gok vir\u00e1gcsokor \u00fajpalota vir\u00e1gfut\u00e1r legjobb legszebb\" srcset=\"https:\/\/keedviragok.hu\/wp-content\/uploads\/2023\/08\/mail.png 800w, https:\/\/keedviragok.hu\/wp-content\/uploads\/2023\/08\/mail-300x202.png 300w, https:\/\/keedviragok.hu\/wp-content\/uploads\/2023\/08\/mail-768x517.png 768w\" sizes=\"(max-width: 800px) 100vw, 800px\" \/><\/a>   <a rel=\"noreferrer noopener\" href=\"mailto:keedviragok@gmail.com\" target=\"_blank\">keedviragok@gmail.com<\/a><\/p>\n\n\n\n<p class=\"has-extra-small-font-size\" style=\"line-height:4\"><a rel=\"noreferrer noopener\" href=\"https:\/\/goo.gl\/maps\/RTcWoKWMEiW4mWVD9\" target=\"_blank\"><img loading=\"lazy\" decoding=\"async\" width=\"948\" height=\"882\" class=\"wp-image-264\" style=\"width: 50px;\" src=\"https:\/\/keedviragok.hu\/wp-content\/uploads\/2023\/08\/pin.png\" alt=\"r\u00f3zsa vir\u00e1g vir\u00e1gok vir\u00e1gcsokor \u00fajpalota vir\u00e1gfut\u00e1r legjobb legszebb\" srcset=\"https:\/\/keedviragok.hu\/wp-content\/uploads\/2023\/08\/pin.png 948w, https:\/\/keedviragok.hu\/wp-content\/uploads\/2023\/08\/pin-300x279.png 300w, https:\/\/keedviragok.hu\/wp-content\/uploads\/2023\/08\/pin-768x715.png 768w\" sizes=\"(max-width: 948px) 100vw, 948px\" \/><\/a>  <a rel=\"noreferrer noopener\" href=\"https:\/\/goo.gl\/maps\/RTcWoKWMEiW4mWVD9\" target=\"_blank\">1152 Budapest, Szentmih\u00e1lyi \u00fat 111.<\/a>      <\/p>\n\n\n\n<p class=\"has-extra-small-font-size\" style=\"line-height:4\"><iframe src=\"https:\/\/www.google.com\/maps\/embed?pb=!1m18!1m12!1m3!1d4549.528816681299!2d19.13041239705357!3d47.5531547069543!2m3!1f0!2f0!3f0!3m2!1i1024!2i768!4f13.1!3m3!1m2!1s0x4741db237e9ea7a1%3A0xea7ba6c63c2cd441!2sKeed%20viragok!5e0!3m2!1shu!2shu!4v1692018252496!5m2!1shu!2shu\" width=\"400\" height=\"400\" style=\"border:0;\" allowfullscreen=\"\" loading=\"lazy\" referrerpolicy=\"no-referrer-when-downgrade\"><\/iframe><\/p>\n\n\n\n<div class=\"wp-block-cover is-light wp-duotone-unset-1\" style=\"min-height:305px\"><span aria-hidden=\"true\" class=\"wp-block-cover__background has-background-dim-0 has-background-dim\"><\/span><img loading=\"lazy\" decoding=\"async\" width=\"1280\" height=\"546\" class=\"wp-block-cover__image-background wp-image-903\" alt=\"r&oacute;zsa vir&aacute;g vir&aacute;gok vir&aacute;gcsokor &uacute;jpalota vir&aacute;gfut&aacute;r legjobb legszebb vir&aacute;grendel&eacute;s vir&aacute;g rendel&eacute;s vir&aacute;g fut&aacute;r\" src=\"https:\/\/keedviragok.hu\/wp-content\/uploads\/2023\/08\/KEED-VIRAGOK-6.png\" style=\"object-position:30% 50%\" data-object-fit=\"cover\" data-object-position=\"30% 50%\" srcset=\"https:\/\/keedviragok.hu\/wp-content\/uploads\/2023\/08\/KEED-VIRAGOK-6.png 1280w, https:\/\/keedviragok.hu\/wp-content\/uploads\/2023\/08\/KEED-VIRAGOK-6-300x128.png 300w, https:\/\/keedviragok.hu\/wp-content\/uploads\/2023\/08\/KEED-VIRAGOK-6-1024x437.png 1024w, https:\/\/keedviragok.hu\/wp-content\/uploads\/2023\/08\/KEED-VIRAGOK-6-768x328.png 768w\" sizes=\"(max-width: 1280px) 100vw, 1280px\" \/><div class=\"wp-block-cover__inner-container is-layout-flow wp-block-cover-is-layout-flow\">\n<p style=\"font-size:16px\"><a href=\"https:\/\/keedviragok.hu\/index.php\/elerhetoseg\/\"><strong>Parkol\u00e1si lehet\u0151s\u00e9gek:<\/strong><\/a><\/p>\n\n\n\n<p style=\"font-size:16px\">Az \u00fczlet k\u00f6rny\u00e9k\u00e9n mindk\u00e9t oldalon ingyenes parkol\u00f3 tal\u00e1lhat\u00f3 az \u00fczletsor mellett. Ha tov\u00e1bbi parkol\u00f3helyet keresel, a P\u00f3lus bev\u00e1s\u00e1rl\u00f3k\u00f6zpont parkol\u00f3j\u00e1t is haszn\u00e1lhatod, ami mind\u00f6ssze 3-5 perces s\u00e9t\u00e1ra van vir\u00e1gboltunkt\u00f3l.<\/p>\n\n\n\n<p style=\"font-size:16px\">El\u00e9rhet\u0151s\u00e9g: <\/p>\n\n\n\n<p style=\"font-size:16px\">Utcai parkol\u00f3k GPS koordin\u00e1t\u00e1i: <a href=\"https:\/\/goo.gl\/maps\/tW1v3oLZsdNynCmS7\" target=\"_blank\" rel=\"noreferrer noopener\">47.551765, 19.135264<\/a> \u00e9s <a href=\"https:\/\/goo.gl\/maps\/tW1v3oLZsdNynCmS7\">47.552571, 19.133860<\/a><\/p>\n\n\n\n<p style=\"font-size:16px\">P\u00f3lus bev\u00e1s\u00e1rl\u00f3 k\u00f6zpont GPS koordin\u00e1t\u00e1i: <a href=\"https:\/\/goo.gl\/maps\/ji5M4wqRwAQwBLj89\" target=\"_blank\" rel=\"noreferrer noopener\">47.550703, 19.137450<\/a><\/p>\n<\/div><\/div>\n\n\n\n<p style=\"font-size:16px\"><a href=\"https:\/\/keedviragok.hu\/index.php\/elerhetoseg\/\"><strong>T\u00f6megk\u00f6zleked\u00e9ssel \u00e9rkez\u0151knek:<\/strong><\/a><\/p>\n\n\n\n<ul>\n<li style=\"font-size:16px\">130, 196, 196A, 231, 231B buszmeg\u00e1ll\u00f3 mind\u00f6ssze 2 perc s\u00e9t\u00e1ra tal\u00e1lhat\u00f3.<\/li>\n\n\n\n<li style=\"font-size:16px\">69-es villamos \u00e9s 8E buszmeg\u00e1ll\u00f3 pedig 10 perc s\u00e9t\u00e1ra van t\u0151l\u00fcnk.<\/li>\n<\/ul>\n\n\n\n<p style=\"font-size:18px\"><strong><a href=\"https:\/\/keedviragok.hu\/index.php\/elerhetoseg\/\" title=\"\">\u00cdgy b\u00e1rmerre is \u00e9rkezel, k\u00f6nnyed\u00e9n megtal\u00e1lod \u00fczlet\u00fcnket, hogy szem\u00e9lyesen is megtapasztalhasd vir\u00e1gk\u00f6ltem\u00e9nyeink sz\u00e9ps\u00e9g\u00e9t \u00e9s frissess\u00e9g\u00e9t.<\/a><\/strong><\/p>\n\n\n\n<div class=\"wp-block-cover is-light is-repeated\"><span aria-hidden=\"true\" class=\"wp-block-cover__background has-background-dim-0 has-background-dim\"><\/span><div role=\"img\" class=\"wp-block-cover__image-background wp-image-897 is-repeated\" style=\"background-position:30% 50%;background-image:url(https:\/\/keedviragok.hu\/wp-content\/uploads\/2023\/08\/KEED-VIRAGOK-5.png)\"><\/div><div class=\"wp-block-cover__inner-container is-layout-flow wp-block-cover-is-layout-flow\">\n<p class=\"has-text-align-left\" style=\"font-size:16px\">Vir\u00e1gboltunk k\u00f6nnyen el\u00e9rhet\u0151, hogy min\u00e9l t\u00f6bb ember sz\u00e1m\u00e1ra elhozhassuk a vir\u00e1gok var\u00e1zs\u00e1t. K\u00f6vesd <a href=\"https:\/\/www.facebook.com\/profile.php?id=100070634503313\" target=\"_blank\" rel=\"noreferrer noopener\">Facebook oldalunkat<\/a>, ahol aktu\u00e1lis h\u00edreinket \u00e9s munk\u00e1inkat osztjuk meg, \u00e9s b\u0151vebben is megismerhetsz minket.<\/p>\n\n\n\n<p>Amennyiben b\u00e1rmilyen k\u00e9rd\u00e9sed mer\u00fcl fel vagy szeretn\u00e9l rendel\u00e9st leadni, ne habozz kapcsolatba l\u00e9pni vel\u00fcnk! El\u00e9rhet\u0151s\u00e9geinken kereszt\u00fcl gyorsan \u00e9s egyszer\u0171en felveheted vel\u00fcnk a kapcsolatot. V\u00e1lassz minket telefonon vagy e-mailben:<\/p>\n\n\n\n<p>Ha azonnali v\u00e1laszt szeretn\u00e9l, h\u00edvj minket a k\u00f6vetkez\u0151 telefonsz\u00e1mon: <a href=\"tel:+36703671075\" target=\"_blank\" rel=\"noreferrer noopener\">+36 70 367 1075<\/a>. Koll\u00e9g\u00e1ink sz\u00edvesen seg\u00edtenek b\u00e1rmilyen k\u00e9rd\u00e9sben vagy rendel\u00e9ssel kapcsolatban.<\/p>\n\n\n\n<p>Ha ink\u00e1bb \u00edr\u00e1sban kommunik\u00e1ln\u00e1l, k\u00fcldj nek\u00fcnk e-mailt az al\u00e1bbi c\u00edmre: <a href=\"mailto:keedviragok@gmail.com\" target=\"_blank\" rel=\"noreferrer noopener\">keedviragok@gmail.com<\/a>. E-mailben r\u00e9szletesen megoszthatod elk\u00e9pzel\u00e9seidet vagy k\u00e9rd\u00e9seidet, \u00e9s hamarosan v\u00e1laszt kapsz t\u0151l\u00fcnk.<\/p>\n\n\n\n<p>Legyen sz\u00f3 egyedi vir\u00e1gk\u00f6t\u00e9szeti megold\u00e1sr\u00f3l, esem\u00e9nydekor\u00e1ci\u00f3r\u00f3l vagy b\u00e1rmilyen vir\u00e1gos \u00f6tlettel kapcsolatos k\u00edv\u00e1ns\u00e1godr\u00f3l, \u00f6r\u00f6mmel v\u00e1rjuk \u00e9rdekl\u0151d\u00e9sedet. Az el\u00e9rhet\u0151s\u00e9geink seg\u00edts\u00e9g\u00e9vel k\u00f6nnyed\u00e9n kapcsolatba l\u00e9phetsz vel\u00fcnk, hogy vir\u00e1gainkkal m\u00e9g szebb\u00e9 tehess\u00fck a napod!<\/p>\n<\/div><\/div>\n\n\n\n<p class=\"has-white-color has-text-color\" style=\"font-size:1px\">vir\u00e1g rendel\u00e9s<\/p>\n","protected":false},"excerpt":{"rendered":"<p>Az el\u00e9rhet\u0151s\u00e9g nem akad\u00e1ly! vir\u00e1g rendel\u00e9s Facebook oldalunk itt \u00e9rhet\u0151 el. +36 70 367 1075 keedviragok@gmail.com 1152 Budapest, Szentmih\u00e1lyi \u00fat 111. T\u00f6megk\u00f6zleked\u00e9ssel \u00e9rkez\u0151knek: \u00cdgy b\u00e1rmerre is \u00e9rkezel, k\u00f6nnyed\u00e9n megtal\u00e1lod \u00fczlet\u00fcnket, hogy szem\u00e9lyesen is megtapasztalhasd vir\u00e1gk\u00f6ltem\u00e9nyeink sz\u00e9ps\u00e9g\u00e9t \u00e9s frissess\u00e9g\u00e9t. vir\u00e1g rendel\u00e9s<\/p>\n","protected":false},"author":1,"featured_media":0,"parent":5,"menu_order":0,"comment_status":"closed","ping_status":"closed","template":"","meta":{"om_disable_all_campaigns":false,"_monsterinsights_skip_tracking":false,"_monsterinsights_sitenote_active":false,"_monsterinsights_sitenote_note":"","_monsterinsights_sitenote_category":0,"ngg_post_thumbnail":0,"footnotes":""},"aioseo_notices":[],"_links":{"self":[{"href":"https:\/\/keedviragok.hu\/index.php\/wp-json\/wp\/v2\/pages\/7"}],"collection":[{"href":"https:\/\/keedviragok.hu\/index.php\/wp-json\/wp\/v2\/pages"}],"about":[{"href":"https:\/\/keedviragok.hu\/index.php\/wp-json\/wp\/v2\/types\/page"}],"author":[{"embeddable":true,"href":"https:\/\/keedviragok.hu\/index.php\/wp-json\/wp\/v2\/users\/1"}],"replies":[{"embeddable":true,"href":"https:\/\/keedviragok.hu\/index.php\/wp-json\/wp\/v2\/comments?post=7"}],"version-history":[{"count":73,"href":"https:\/\/keedviragok.hu\/index.php\/wp-json\/wp\/v2\/pages\/7\/revisions"}],"predecessor-version":[{"id":923,"href":"https:\/\/keedviragok.hu\/index.php\/wp-json\/wp\/v2\/pages\/7\/revisions\/923"}],"up":[{"embeddable":true,"href":"https:\/\/keedviragok.hu\/index.php\/wp-json\/wp\/v2\/pages\/5"}],"wp:attachment":[{"href":"https:\/\/keedviragok.hu\/index.php\/wp-json\/wp\/v2\/media?parent=7"}],"curies":[{"name":"wp","href":"https:\/\/api.w.org\/{rel}","templated":true}]}}