{"id":6,"date":"2021-07-16T10:52:09","date_gmt":"2021-07-16T10:52:09","guid":{"rendered":"https:\/\/keedviragok.hu\/?page_id=6"},"modified":"2024-01-26T17:40:04","modified_gmt":"2024-01-26T17:40:04","slug":"rolunk-viragfutar","status":"publish","type":"page","link":"https:\/\/keedviragok.hu\/index.php\/kezdolap-rozsa-virag-viragok-viragcsokor\/rolunk-viragfutar\/","title":{"rendered":"R\u00f3lunk &#8211; Holisztikus Vir\u00e1g Var\u00e1zs &#8211; Vir\u00e1gfut\u00e1r Neked"},"content":{"rendered":"\n<p class=\"has-white-color has-text-color\" style=\"font-size:1px\">Vir\u00e1gfut\u00e1r<\/p>\n\n\n\n<div class=\"wp-block-cover is-light\" style=\"min-height:226px\"><span aria-hidden=\"true\" class=\"wp-block-cover__background has-background-dim-0 has-background-dim\"><\/span><div class=\"wp-block-cover__inner-container is-layout-flow wp-block-cover-is-layout-flow\">\n&#8222;Gratul\u00e1lunk Keed Vir\u00e1goknak, hogy a legjobban \u00e9rt\u00e9kelt c\u00e9gek k\u00f6z\u00e9 tartozik. Munk\u00e1juk min\u0151s\u00e9ge az \u00fcgyfelek \u00e1ltal is igazolt.  \ud83e\udd73\ud83d\udc4f\ud83e\udd73 \nTov\u00e1bbi sok sikert k\u00edv\u00e1nunk!&#8221;\n\n\n\n\n    <p><\/p>\n\n\n\n    <a href=\"https:\/\/www.aranyvallalkozas.eu\/company\/keed-viragok-440124\" target=\"_blank\" rel=\"noopener\"><img decoding=\"async\" src=\"https:\/\/www.aranyvallalkozas.eu\/company-image\/440124-dark.png\" style=\"width:250px; height:60px; border:0;\" alt=\"Keed viragok - Budapest\" title=\"Keed viragok - Budapest\"><\/a>\n\n\n\n    <p><\/p>\n<p class=\"has-text-align-left\" style=\"font-size:16px\">\u00dajpalota frekvent\u00e1lt ter\u00fclet\u00e9n a P\u00f3lus bev\u00e1s\u00e1rl\u00f3 k\u00f6zpont mellett, 5 percnyi s\u00e9t\u00e1ra tal\u00e1lhat\u00f3 vir\u00e1gboltunk az igazi vir\u00e1gok birodalm\u00e1t k\u00edn\u00e1lja mindazoknak, akik szeretik a term\u00e9szet \u00e9s a sz\u00e9ps\u00e9g\u00e9t. T\u00f6k\u00e9letes elhelyezked\u00e9s\u00e9nek k\u00f6sz\u00f6nhet\u0151en k\u00f6nnyen megk\u00f6zel\u00edthet\u0151 mind a saj\u00e1t j\u00e1rm\u0171vel, mind a t\u00f6megk\u00f6zleked\u00e9ssel \u00e9rkez\u0151k sz\u00e1m\u00e1ra. <\/p>\n    <p><\/p>\n<\/div><\/div>\n\n\n\n<p style=\"font-size:16px\"><a rel=\"noreferrer noopener\" href=\"https:\/\/goo.gl\/maps\/RTcWoKWMEiW4mWVD9\" target=\"_blank\"><img loading=\"lazy\" decoding=\"async\" width=\"948\" height=\"882\" class=\"wp-image-264\" style=\"width: 30px;\" src=\"https:\/\/keedviragok.hu\/wp-content\/uploads\/2023\/08\/pin.png\" alt=\"r\u00f3zsa vir\u00e1g vir\u00e1gok vir\u00e1gcsokor \u00fajpalota vir\u00e1gfut\u00e1r legjobb legszebb vir\u00e1grendel\u00e9s vir\u00e1g rendel\u00e9s vir\u00e1g fut\u00e1r\" srcset=\"https:\/\/keedviragok.hu\/wp-content\/uploads\/2023\/08\/pin.png 948w, https:\/\/keedviragok.hu\/wp-content\/uploads\/2023\/08\/pin-300x279.png 300w, https:\/\/keedviragok.hu\/wp-content\/uploads\/2023\/08\/pin-768x715.png 768w\" sizes=\"(max-width: 948px) 100vw, 948px\" \/><\/a>    <a rel=\"noreferrer noopener\" href=\"https:\/\/goo.gl\/maps\/RTcWoKWMEiW4mWVD9\" target=\"_blank\">1152 Budapest, Szentmih\u00e1lyi \u00fat 111.<\/a>         <\/p>\n\n\n\n<p class=\"has-extra-small-font-size\"><iframe src=\"https:\/\/www.google.com\/maps\/embed?pb=!1m18!1m12!1m3!1d4549.528816681299!2d19.13041239705357!3d47.5531547069543!2m3!1f0!2f0!3f0!3m2!1i1024!2i768!4f13.1!3m3!1m2!1s0x4741db237e9ea7a1%3A0xea7ba6c63c2cd441!2sKeed%20viragok!5e0!3m2!1shu!2shu!4v1692018252496!5m2!1shu!2shu\" width=\"400\" height=\"400\" style=\"border:0;\" allowfullscreen=\"\" loading=\"lazy\" referrerpolicy=\"no-referrer-when-downgrade\"><\/iframe><\/p>\n\n\n\n<div class=\"wp-block-cover is-light is-repeated\" style=\"min-height:386px\"><span aria-hidden=\"true\" class=\"wp-block-cover__background has-background-dim-0 has-background-dim\"><\/span><div role=\"img\" class=\"wp-block-cover__image-background wp-image-897 is-repeated\" style=\"background-position:30% 50%;background-image:url(https:\/\/keedviragok.hu\/wp-content\/uploads\/2023\/08\/KEED-VIRAGOK-5-1024x437.png)\"><\/div><div class=\"wp-block-cover__inner-container is-layout-flow wp-block-cover-is-layout-flow\">\n<p style=\"font-size:16px\">Az els\u0151 pillanatt\u00f3l kezdve \u00e9rezni fogod a vir\u00e1gok illat\u00e1t \u00e9s a sz\u00ednek var\u00e1zs\u00e1t, amint bel\u00e9psz az \u00fczletbe. Sz\u00e9les v\u00e1laszt\u00e9kot k\u00edn\u00e1lunk friss \u00e9s min\u0151s\u00e9gi vir\u00e1gokb\u00f3l, mindenf\u00e9le st\u00edlusban \u00e9s sz\u00ednben. Elk\u00f6telezett vir\u00e1gk\u00f6t\u0151nk mindig k\u00e9szen \u00e1ll arra, hogy seg\u00edtsenek kiv\u00e1lasztani az ide\u00e1lis vir\u00e1gkompoz\u00edci\u00f3t b\u00e1rmilyen alkalomra. Legyen sz\u00f3 sz\u00fclet\u00e9snapr\u00f3l, esk\u00fcv\u0151r\u0151l, \u00e9vfordul\u00f3r\u00f3l vagy b\u00e1rmilyen m\u00e1s k\u00fcl\u00f6nleges esetleg szomor\u00fa esem\u00e9nyr\u0151l, mi gondoskodunk arr\u00f3l, hogy vir\u00e1gainkkal sz\u00e9p eml\u00e9kk\u00e9 tegy\u00fck.<\/p>\n\n\n\n<p style=\"font-size:16px\">Egyedis\u00e9g\u00fcnk a szem\u00e9lyre szabott megrendel\u00e9sekben rejlik. Ha saj\u00e1t elk\u00e9pzel\u00e9sed van egy vir\u00e1gkompoz\u00edci\u00f3r\u00f3l, mi azt val\u00f3ra v\u00e1ltjuk. A vir\u00e1gok mellett k\u00fcl\u00f6nleges d\u00edszek  \u00e9s k\u00e9sz csokrok  is megtal\u00e1lhat\u00f3k n\u00e1lunk. Kreat\u00edv \u00e9s profi csapatunk mindig itt van, hogy seg\u00edtsen kiv\u00e1lasztani a t\u00f6k\u00e9leteset.<\/p>\n<\/div><\/div>\n\n\n\n<p style=\"font-size:16px;line-height:1\"><a href=\"tel:+36703671075\" target=\"_blank\" rel=\"noopener\" title=\"\">Rendel\u00e9s vagy \u00e9rdekl\u0151d\u00e9s eset\u00e9n h\u00edvj b\u00e1tran! <\/a>   <a href=\"tel:+36703671075\" target=\"_blank\" rel=\"noopener\" title=\"\"><img loading=\"lazy\" decoding=\"async\" width=\"948\" height=\"882\" class=\"wp-image-259\" style=\"width: 30px;\" src=\"https:\/\/keedviragok.hu\/wp-content\/uploads\/2023\/08\/phone.png\" alt=\"r\u00f3zsa vir\u00e1g vir\u00e1gok vir\u00e1gcsokor \u00fajpalota vir\u00e1gfut\u00e1r legjobb legszebb vir\u00e1grendel\u00e9s vir\u00e1g rendel\u00e9s vir\u00e1g fut\u00e1r\" srcset=\"https:\/\/keedviragok.hu\/wp-content\/uploads\/2023\/08\/phone.png 948w, https:\/\/keedviragok.hu\/wp-content\/uploads\/2023\/08\/phone-300x279.png 300w, https:\/\/keedviragok.hu\/wp-content\/uploads\/2023\/08\/phone-768x715.png 768w\" sizes=\"(max-width: 948px) 100vw, 948px\" \/><\/a>     <a href=\"tel:+36703671075\" target=\"_blank\" rel=\"noopener\" title=\"\">+36 70 367 1075<\/a><\/p>\n\n\n\n<div class=\"wp-block-cover is-light\" style=\"min-height:218px\"><span aria-hidden=\"true\" class=\"wp-block-cover__background has-background-dim-0 has-background-dim\"><\/span><img loading=\"lazy\" decoding=\"async\" width=\"1024\" height=\"437\" class=\"wp-block-cover__image-background wp-image-903\" alt=\"r\u00f3zsa vir\u00e1g vir\u00e1gok vir\u00e1gcsokor \u00fajpalota vir\u00e1gfut\u00e1r legjobb legszebb vir\u00e1grendel\u00e9s vir\u00e1g rendel\u00e9s vir\u00e1g fut\u00e1r\" src=\"https:\/\/keedviragok.hu\/wp-content\/uploads\/2023\/08\/KEED-VIRAGOK-6-1024x437.png\" style=\"object-position:0% 50%\" data-object-fit=\"cover\" data-object-position=\"0% 50%\" srcset=\"https:\/\/keedviragok.hu\/wp-content\/uploads\/2023\/08\/KEED-VIRAGOK-6-1024x437.png 1024w, https:\/\/keedviragok.hu\/wp-content\/uploads\/2023\/08\/KEED-VIRAGOK-6-300x128.png 300w, https:\/\/keedviragok.hu\/wp-content\/uploads\/2023\/08\/KEED-VIRAGOK-6-768x328.png 768w, https:\/\/keedviragok.hu\/wp-content\/uploads\/2023\/08\/KEED-VIRAGOK-6.png 1280w\" sizes=\"(max-width: 1024px) 100vw, 1024px\" \/><div class=\"wp-block-cover__inner-container is-layout-flow wp-block-cover-is-layout-flow\">\n<p class=\"has-text-align-left\" style=\"font-size:16px\">Hissz\u00fck, hogy a vir\u00e1gokkal kifejezhetj\u00fck \u00e9rz\u00e9seinket, \u00e9s ez\u00e9rt mindent megtesz\u00fcnk annak \u00e9rdek\u00e9ben, hogy vir\u00e1gaikkal \u00f6r\u00f6met \u00e9s boldogs\u00e1got hozzunk az emberek \u00e9let\u00e9be. V\u00e1rjuk mindazokat, akik szeretn\u00e9nek r\u00e9szesei lenni ennek a vir\u00e1gokkal teli var\u00e1zsnak.<\/p>\n<\/div><\/div>\n\n\n\n<h2 class=\"wp-block-heading\" style=\"font-size:16px\">L\u00e9pj be te is Budapest egyik legk\u00fcl\u00f6nlegesebb <a href=\"https:\/\/keedviragok.hu\/index.php\/elerhetoseg\/\">vir\u00e1gboltj\u00e1ba<\/a>! Vir\u00e1gfut\u00e1r Neked!<\/h2>\n\n\n\n<div class=\"wp-block-cover is-light is-repeated\" style=\"min-height:363px\"><span aria-hidden=\"true\" class=\"wp-block-cover__background has-background-dim-0 has-background-dim\"><\/span><div role=\"img\" class=\"wp-block-cover__image-background wp-image-897 is-repeated\" style=\"background-position:30% 50%;background-image:url(https:\/\/keedviragok.hu\/wp-content\/uploads\/2023\/08\/KEED-VIRAGOK-5-1024x437.png)\"><\/div><div class=\"wp-block-cover__inner-container is-layout-flow wp-block-cover-is-layout-flow\">\n<p style=\"font-size:16px\">Vir\u00e1gboltunkban k\u00fcl\u00f6nleges vir\u00e1gokkal \u00e9s kompoz\u00edci\u00f3kkal v\u00e1runk, hogy \u00e9letet hozzunk otthonodba, esem\u00e9nyeidre vagy \u00fcnnepeidre. Aktu\u00e1lis tartalmainkat \u00e9s munk\u00e1inkat k\u00f6nnyed\u00e9n k\u00f6vetheted, hogy mindig inspir\u00e1ci\u00f3hoz juss \u00e9s megismerhesd legfrissebb alkot\u00e1sainkat. Weboldalunkon rendszeresen friss\u00edtj\u00fck gal\u00e9ri\u00e1nkat, ahol vir\u00e1gk\u00f6t\u00e9szeti mesterm\u0171veinket osztjuk meg.<\/p>\n\n\n\n<p style=\"font-size:16px\">Szaktud\u00e1sunkat \u00e9s kreativit\u00e1sunkat k\u00edn\u00e1latunkban is megtal\u00e1lod, legyen sz\u00f3 eleg\u00e1ns csokrokr\u00f3l, esk\u00fcv\u0151i dekor\u00e1ci\u00f3kr\u00f3l vagy egyedi rendezv\u00e9nyvir\u00e1gzatr\u00f3l. K\u00f6vess minket k\u00f6z\u00f6ss\u00e9gi m\u00e9dia platformjainkon is, ahol betekint\u00e9st nyerhetsz kulisszatitkokba \u00e9s a vir\u00e1gk\u00f6t\u00e9szet var\u00e1zslatos vil\u00e1g\u00e1ba. Legyen az \u00e9vszakok v\u00e1ltoz\u00e1sa vagy \u00fcnnepi alkalmak, n\u00e1lunk mindig megtal\u00e1lod a megfelel\u0151 vir\u00e1got \u00e9s \u00f6tletet. Tervezz vel\u00fcnk vir\u00e1gokkal, \u00e9s hagyd, hogy munk\u00e1ink inspir\u00e1ljanak \u00e9s elragadjanak a vir\u00e1gok sz\u00e9ps\u00e9g\u00e9nek \u00e9s soksz\u00edn\u0171s\u00e9g\u00e9nek vil\u00e1g\u00e1ba.<\/p>\n<\/div><\/div>\n\n\n\n<p style=\"font-size:16px\">Aktu\u00e1lis tartalmakat \u00e9s munk\u00e1inkat is k\u00f6vetheted:    <a href=\"https:\/\/www.facebook.com\/profile.php?id=100070634503313\" target=\"_blank\" rel=\"noreferrer noopener\"><img loading=\"lazy\" decoding=\"async\" width=\"948\" height=\"882\" class=\"wp-image-258\" style=\"width: 30px;\" src=\"https:\/\/keedviragok.hu\/wp-content\/uploads\/2023\/08\/facebook.png\" alt=\"r\u00f3zsa vir\u00e1g vir\u00e1gok vir\u00e1gcsokor \u00fajpalota vir\u00e1gfut\u00e1r legjobb legszebb vir\u00e1grendel\u00e9s vir\u00e1g rendel\u00e9s vir\u00e1g fut\u00e1r\" srcset=\"https:\/\/keedviragok.hu\/wp-content\/uploads\/2023\/08\/facebook.png 948w, https:\/\/keedviragok.hu\/wp-content\/uploads\/2023\/08\/facebook-300x279.png 300w, https:\/\/keedviragok.hu\/wp-content\/uploads\/2023\/08\/facebook-768x715.png 768w\" sizes=\"(max-width: 948px) 100vw, 948px\" \/><\/a>    <a data-type=\"link\" data-id=\"https:\/\/www.facebook.com\/profile.php?id=100070634503313\" href=\"https:\/\/www.facebook.com\/profile.php?id=100070634503313\">Facebook oldalunk itt \u00e9rhet\u0151 el.<\/a><\/p>\n\n\n\n<p class=\"has-white-color has-text-color\" style=\"font-size:1px\">Vir\u00e1gfut\u00e1r<\/p>\n","protected":false},"excerpt":{"rendered":"<p>Vir\u00e1gfut\u00e1r 1152 Budapest, Szentmih\u00e1lyi \u00fat 111. Rendel\u00e9s vagy \u00e9rdekl\u0151d\u00e9s eset\u00e9n h\u00edvj b\u00e1tran! +36 70 367 1075 L\u00e9pj be te is Budapest egyik legk\u00fcl\u00f6nlegesebb vir\u00e1gboltj\u00e1ba! Vir\u00e1gfut\u00e1r Neked! Aktu\u00e1lis tartalmakat \u00e9s munk\u00e1inkat is k\u00f6vetheted: Facebook oldalunk itt \u00e9rhet\u0151 el. Vir\u00e1gfut\u00e1r<\/p>\n","protected":false},"author":1,"featured_media":0,"parent":5,"menu_order":0,"comment_status":"closed","ping_status":"closed","template":"","meta":{"om_disable_all_campaigns":false,"_monsterinsights_skip_tracking":false,"_monsterinsights_sitenote_active":false,"_monsterinsights_sitenote_note":"","_monsterinsights_sitenote_category":0,"ngg_post_thumbnail":0,"footnotes":""},"aioseo_notices":[],"_links":{"self":[{"href":"https:\/\/keedviragok.hu\/index.php\/wp-json\/wp\/v2\/pages\/6"}],"collection":[{"href":"https:\/\/keedviragok.hu\/index.php\/wp-json\/wp\/v2\/pages"}],"about":[{"href":"https:\/\/keedviragok.hu\/index.php\/wp-json\/wp\/v2\/types\/page"}],"author":[{"embeddable":true,"href":"https:\/\/keedviragok.hu\/index.php\/wp-json\/wp\/v2\/users\/1"}],"replies":[{"embeddable":true,"href":"https:\/\/keedviragok.hu\/index.php\/wp-json\/wp\/v2\/comments?post=6"}],"version-history":[{"count":51,"href":"https:\/\/keedviragok.hu\/index.php\/wp-json\/wp\/v2\/pages\/6\/revisions"}],"predecessor-version":[{"id":955,"href":"https:\/\/keedviragok.hu\/index.php\/wp-json\/wp\/v2\/pages\/6\/revisions\/955"}],"up":[{"embeddable":true,"href":"https:\/\/keedviragok.hu\/index.php\/wp-json\/wp\/v2\/pages\/5"}],"wp:attachment":[{"href":"https:\/\/keedviragok.hu\/index.php\/wp-json\/wp\/v2\/media?parent=6"}],"curies":[{"name":"wp","href":"https:\/\/api.w.org\/{rel}","templated":true}]}}